{"id":3097,"date":"2019-07-17T15:27:04","date_gmt":"2019-07-17T13:27:04","guid":{"rendered":"http:\/\/natationazur.fr\/nice\/jan\/"},"modified":"2024-06-21T17:03:14","modified_gmt":"2024-06-21T15:03:14","slug":"jan-old","status":"publish","type":"page","link":"https:\/\/natationazur.fr\/nice\/jan-old\/","title":{"rendered":"JAN"},"content":{"rendered":"\n    <section class=\"imagebg feature-large-7 switchable parallax\">\n        <div class=\"background-image-holder\"><img alt=\"\" src=\"https:\/\/natationazur.fr\/nice\/wp-content\/uploads\/2020\/06\/Calque-0-ok.jpg\"><\/div>\n        <div class=\"container\">\n            <div class=\"row\">\n                <div class=\"col-sm-7 col-md-5\">\n                    <div class=\"boxed boxed--lg border--round bg--white\">\n                        <div class=\"col-md-10 col-md-offset-1 col-sm-12\">\n                            <h3 class=\"type--uppercase\">J'apprends \u00e0 nager<\/h3>\n                            <p><span style=\"color: #808080;\" class=\"type--uppercase\"><span style=\"color: #2f3267;\">ApprentiSsage gratuit de la natation <\/span><\/span><span style=\"color: #999999;\">Nice Natation Azur est impliqu\u00e9 dans l\u2019acquisition du Savoir-Nager ; v\u00e9ritable enjeu de soci\u00e9t\u00e9. L\u2019objectif du plan \u00ab J\u2019apprends \u00e0 nager \u00bb, op\u00e9ration citoyenne par excellence, est de permettre aux enfants d\u2019acqu\u00e9rir les comp\u00e9tences n\u00e9cessaires pour \u00e9voluer dans l\u2019eau en toute s\u00e9curit\u00e9. Celles-ci se traduisent par l\u2019obtention du test \u00abSauv\u2019nage\u00bb de l\u2019Ecole de Natation Fran\u00e7aise. Les titulaires de ce dipl\u00f4mes peuvent pratiquer les activit\u00e9s aquatiques mais \u00e9galement nautiques en toute s\u00e9curit\u00e9.<\/span><\/p>\n                        <\/div>\n                    <\/div>\n                <\/div>\n            <\/div>\n            <!--end of row-->\n        <\/div>\n        <!--end of container-->\n    <\/section>\n    <section class=\"feature-large switchable\">\n        <div class=\"container\">\n            <div class=\"row\">\n                <div class=\"col-md-6 col-sm-6\"> <img alt=\"\" class=\"border--round box-shadow-wide\" src=\"https:\/\/natationazur.fr\/nice\/wp-content\/uploads\/2019\/07\/AdobeStock_64420592.jpeg\"> <\/div>\n                <div class=\"col-md-5 col-sm-6\">\n                    <div class=\"heading-block\">\n                        <p><span style=\"color: #808080;\"><span style=\"color: #2f3267;\">OBJECTIFS \"J'apprends \u00e0 nager\" : <br><\/span><\/span><span style=\"color: #999999;\"><br>R\u00e9duire les in\u00e9galit\u00e9s d\u2019acc\u00e8s \u00e0 la pratique sportive<\/span> <span style=\"color: #999999;\">- R\u00e9duire le d\u00e9ficit du savoir-nager enregistr\u00e9 sur le territoire<\/span> <span style=\"color: #999999;\">- Dispenser un savoir-nager s\u00e9curitaire et \u00e9carter le risque de noyade<\/span> <span style=\"color: #999999;\">- Favoriser l\u2019acc\u00e8s \u00e0 toutes les pratiques aquatiques et nautiques en toute s\u00e9curit\u00e9<\/span> <span style=\"color: #999999;\">- D\u00e9couvrir les plaisirs de l\u2019eau et de la Natation<\/span><\/p>\n                    <\/div>\n                    <div class=\"text-block\"> <\/div>\n                <\/div>\n            <\/div>\n            <!--end of row-->\n        <\/div>\n        <!--end of container-->\n    <\/section>\n    <section class=\"switchable feature-large feature-large-13 switchable--switch text-right\">\n        <div class=\"container\">\n            <div class=\"row\">\n                <div class=\"col-sm-6\"> <img alt=\"\" class=\"border--round box-shadow-wide\" src=\"https:\/\/natationazur.fr\/nice\/wp-content\/uploads\/2020\/06\/JAN2.jpg\"> <\/div>\n                <div class=\"col-sm-6 col-md-5\">\n                    <div class=\"switchable__text\">\n                        \n                            <p><span style=\"color: #808080;\"><span style=\"color: #2f3267;\">CIBLES :<br><br><\/span><\/span><span style=\"color: #999999;\">- Enfants \u00e2g\u00e9s de 6 \u00e0 12 ans ne sachant pas nager<\/span><br><span style=\"color: #999999;\">- Acc\u00e8s r\u00e9serv\u00e9 \u00e0 Nice aux enfants des ALSH r\u00e9sidant prioritairement dans les Quartiers prioritaires de la Politique de la Ville (QPV) et\/ou dans les Zones de Revitalisation Rurale (ZRR)<\/span><\/p>\n                        \n                        <div class=\"text-block\"> <\/div>\n                    <\/div>\n                <\/div>\n            <\/div>\n            <!--end of row-->\n        <\/div>\n        <!--end of container-->\n    <\/section>\n    <section class=\"feature-large switchable\">\n        <div class=\"container\">\n            <div class=\"row\">\n                <div class=\"col-md-6 col-sm-6\"> <img alt=\"\" class=\"border--round box-shadow-wide\" src=\"https:\/\/natationazur.fr\/nice\/wp-content\/uploads\/2019\/07\/AdobeStock_87606649.jpeg\"> <\/div>\n                <div class=\"col-md-5 col-sm-6\">\n                    <div class=\"heading-block\">\n                        <p><span style=\"color: #808080;\" class=\"type--uppercase\"><span style=\"color: #2f3267;\">CONCEPT :<br><br><\/span><\/span><span style=\"color: #999999;\">Nice natation azur propose un programme d\u2019apprentissage de la natation selon les dispositions suivantes :<\/span><br><span style=\"color: #999999;\">- Un stage d\u2019apprentissage de la natation de 10 heures avec des s\u00e9ances de 30 minutes \u00e0 1 heure selon le niveau et l\u2019\u00e2ge des enfants<\/span><br><span style=\"color: #999999;\">- Le groupe est constitu\u00e9 de 8 enfants minimum \u00e0 15 enfants maximum ne sachant pas nager<\/span><br><span style=\"color: #999999;\">- Les s\u00e9ances de natation sont dispens\u00e9es par un professionnel<\/span><br><span style=\"color: #999999;\">- Les cours sont gratuits (sur inscription et dans la limite des places disponibles)<\/span><br><span style=\"color: #999999;\">- A la fin du stage d\u2019apprentissage, les enfants ayant d\u00e9velopp\u00e9 les comp\u00e9tences n\u00e9cessaires sont invit\u00e9s \u00e0 se pr\u00e9senter au test du Sauv\u2019nage.<\/span><\/p>\n                    <\/div>\n                    <div class=\"text-block\"> <\/div>\n                <\/div>\n            <\/div>\n            <!--end of row-->\n        <\/div>\n        <!--end of container-->\n    <\/section>\n    <section class=\"feature-large switchable switchable--switch text-right\">\n        <div class=\"container\">\n            <div class=\"row\">\n                <div class=\"col-md-6 col-sm-6\"> <img alt=\"\" class=\"border--round box-shadow-wide\" src=\"https:\/\/natationazur.fr\/nice\/wp-content\/uploads\/2019\/07\/AdobeStock_119006957.jpeg\"> <\/div>\n                <div class=\"col-md-5 col-sm-6\">\n                    <div class=\"heading-block\">\n                        <h6 style=\"text-align: left;\"><span style=\"color: #808080;\"><span style=\"color: #2f3267;\">HORAIRES :<br><\/span><\/span><span style=\"color: #808080;\">De 10h \u00e0 <\/span><span style=\"color: #808080;\">11h, de 11h \u00e0 12h et de 16h \u00e0 17h.<br>Pour les CLSH de 14h \u00e0 15h et de 15h \u00e0 16h.<\/span><\/h6>\n                        <h6 style=\"text-align: left;\"><span style=\"color: #808080;\"><br><\/span><span style=\"color: #2f3267;\">DU LUNDI AU VENDREDI, SEMAINES SOUHAIT\u00c9ES :<br><\/span><span style=\"color: #808080;\">Du 3 au 7 juillet, 10 au 14 juillet, 17 au 21 juillet, 24 au 29 juillet, 31 juillet au 4 ao\u00fbt, 7 au 11 ao\u00fbt, 14 au 18 ao\u00fbt et du 21 au 25 ao\u00fbt<br><br><\/span><span style=\"color: #808080;\"><span style=\"color: #2f3267;\">O\u00d9 :<br><\/span><\/span><span style=\"color: #808080;\">Au Parc Phoenix \u00e0 Nice ouest, l'entr\u00e9e est du c\u00f4t\u00e9 du boulevard Ren\u00e9 Cassin, plus pr\u00e9cis\u00e9ment sur l'avenue des Floralies. L'acc\u00e8s est facilit\u00e9 par l'arr\u00eat de tram Parc Phoenix sur la ligne 2 et aussi l'arr\u00eat de bus.<\/span><\/h6>\n                        <h6 style=\"text-align: left;\"><span style=\"color: #808080;\">&nbsp;<\/span><\/h6>\n                        <div class=\"page\" title=\"Page 1\">\n                            <div class=\"layoutArea\">\n                                <div class=\"column\">\n                                    <h6 style=\"text-align: left;\"><span style=\"color: #808080;\"><span style=\"color: #2f3267;\">INSCRIPTIONS :<br><\/span><\/span><span style=\"color: #808080;\">En ligne \u00e0 partir du 1er juin :<br><\/span><span style=\"color: #3366ff;\"><a style=\"color: #3366ff;\" href=\"https:\/\/natationazur.swim-community.fr\/\">natationazur.swim-community.fr<\/a><\/span><br><span style=\"color: #808080;\">(ensuite appuyer sur le + BLEU en haut \u00e0 droite pour vous inscrire)<br><\/span><span style=\"color: #808080;\">Mail : <span style=\"color: #003366;\"><a style=\"color: #003366;\" href=\"mailto:contact@natationazur.fr\">contact@natationazur.fr<\/a><\/span><br>Tel. : 06 80 58 34 39<\/span>\n                                    <\/h6>\n                                <\/div>\n                            <\/div>\n                        <\/div>\n                    <\/div>\n                    <div class=\"text-block\"> <\/div>\n                <\/div>\n            <\/div>\n            <!--end of row-->\n        <\/div>\n        <!--end of container-->\n    <\/section>\n","protected":false},"excerpt":{"rendered":"<p>J&rsquo;apprends \u00e0 nager ApprentiSsage gratuit de la natation Nice Natation Azur est impliqu\u00e9 dans l\u2019acquisition du Savoir-Nager ; v\u00e9ritable enjeu de soci\u00e9t\u00e9&#8230;.<\/p>\n","protected":false},"author":1,"featured_media":0,"parent":0,"menu_order":0,"comment_status":"closed","ping_status":"closed","template":"","meta":{"footnotes":""},"aioseo_notices":[],"_links":{"self":[{"href":"https:\/\/natationazur.fr\/nice\/wp-json\/wp\/v2\/pages\/3097"}],"collection":[{"href":"https:\/\/natationazur.fr\/nice\/wp-json\/wp\/v2\/pages"}],"about":[{"href":"https:\/\/natationazur.fr\/nice\/wp-json\/wp\/v2\/types\/page"}],"author":[{"embeddable":true,"href":"https:\/\/natationazur.fr\/nice\/wp-json\/wp\/v2\/users\/1"}],"replies":[{"embeddable":true,"href":"https:\/\/natationazur.fr\/nice\/wp-json\/wp\/v2\/comments?post=3097"}],"version-history":[{"count":32,"href":"https:\/\/natationazur.fr\/nice\/wp-json\/wp\/v2\/pages\/3097\/revisions"}],"predecessor-version":[{"id":3743,"href":"https:\/\/natationazur.fr\/nice\/wp-json\/wp\/v2\/pages\/3097\/revisions\/3743"}],"wp:attachment":[{"href":"https:\/\/natationazur.fr\/nice\/wp-json\/wp\/v2\/media?parent=3097"}],"curies":[{"name":"wp","href":"https:\/\/api.w.org\/{rel}","templated":true}]}}