{"id":2757,"date":"2019-03-12T19:14:18","date_gmt":"2019-03-12T18:14:18","guid":{"rendered":"http:\/\/natationazur.fr\/nice\/index.php\/bebesnageurs\/"},"modified":"2023-06-05T20:47:51","modified_gmt":"2023-06-05T18:47:51","slug":"activites","status":"publish","type":"page","link":"https:\/\/natationazur.fr\/nice\/activites\/","title":{"rendered":"Activites"},"content":{"rendered":"\n    <a id=\"bebesnageurs\" class=\"in-page-link\"><\/a>\n    <section class=\"imagebg feature-large-7 switchable space--xs switchable--switch\">\n        <div class=\"background-image-holder\"><img alt=\"bebe-nageur\" src=\"https:\/\/natationazur.fr\/nice\/wp-content\/uploads\/2020\/06\/bebe-nageur-1.jpg\"><\/div>\n        <div class=\"container\">\n            <div class=\"row\">\n                <div class=\"col-sm-7 col-md-5\">\n                    <div class=\"boxed boxed--lg border--round bg--white\">\n                        <div class=\"col-md-10 col-md-offset-1 col-sm-12\">\n                            <h3 class=\"type--uppercase\">B\u00c9B\u00c9S NAGEURS<\/h3>\n                            <p><span style=\"color: #999999;\">B\u00e9b\u00e9s nageurs \u00e0 Nice : un \u00e9veil aquatique en douceur, d\u00e8s 4 mois, b\u00e9b\u00e9 d\u00e9couvre les bienfaits de l'eau en s'amusant avec ses parents...<\/span><\/p>\n                            <p><span style=\"color: #999999;\">Jeux d'eau, toboggans, tapis, coussins, et frites color\u00e9s invitent les tout-petits \u00e0 un apprentissage corporel adapt\u00e9 \u00e0 leur \u00e2ge et \u00e0 leur rythme, les parents accompagnent leur petit bout \u00e0 la rencontre de l'eau.<\/span><\/p>\n                            <p><span style=\"color: #999999;\">\u00c9veil sensoriel et \u00e9panouissement : \u00e0 l'\u00e9coute de ses sensations, et entour\u00e9 de ses parents, le tout-petit d\u00e9couvre l'eau qui \u00e9veille tous les sens, et am\u00e8ne le bien-\u00eatre, le jeu et le rire...d\u00e9veloppement moteur, confiance et autonomie : le tout-petit explore, progresse et se d\u00e9passe en mettant tout son corps et son esprit \u00e0 contribution.<\/span><\/p>\n                            <p><span style=\"color: #999999;\">Attention couche de bain (maillot de bain pour b\u00e9b\u00e9 nageurs) pour les petits n'ayant pas encore acquis la propret\u00e9 !<\/span><\/p>\n                            <h6><span style=\"color: #808080;\"><span style=\"color: #2f3267;\">HORAIRES :<br><\/span><\/span><span style=\"color: #808080;\">Pour la p\u00e9riode du 3 juillet au 27 ao\u00fbt 2023 tous les samedis de 10h \u00e0 11h et de 11h \u00e0 12h.<br><\/span><span style=\"color: #808080;\"><span style=\"color: #2f3267;\">TARIFS :<br><\/span><\/span><span style=\"color: #808080;\">40 \u20ac abonnement le mois de juillet<br>40 \u20ac abonnement le mois d'ao\u00fbt<br>15\u20ac la s\u00e9ance.<em><br><\/em><\/span><span style=\"color: #808080;\"><span style=\"color: #2f3267;\">O\u00d9 :<br><\/span><\/span><span style=\"color: #808080;\">Au Parc Phoenix \u00e0 Nice ouest, l'entr\u00e9e est du c\u00f4t\u00e9 du boulevard Ren\u00e9 Cassin, plus pr\u00e9cis\u00e9ment sur l'avenue des Floralies. L'acc\u00e8s est facilit\u00e9 par l'arr\u00eat de tram Parc Phoenix sur la ligne 2 et aussi l'arr\u00eat de bus.<br><\/span><span style=\"color: #808080;\"><span style=\"color: #2f3267;\">INSCRIPTIONS :<br><\/span><\/span><span style=\"color: #808080;\">En ligne \u00e0 partir du 1er juin :<br><\/span><span style=\"color: #3366ff;\"><a style=\"color: #3366ff;\" href=\"https:\/\/natationazur.swim-community.fr\/\">natationazur.swim-community.fr<\/a><\/span><br><span style=\"color: #808080;\">(ensuite appuyer sur le + BLEU en haut \u00e0 droite pour vous inscrire)<br><\/span><span style=\"color: #808080;\">Mail : <span style=\"color: #003366;\"><a style=\"color: #003366;\" href=\"mailto:contact@natationazur.fr\">contact@natationazur.fr<\/a><\/span><br>Tel. : 06 80 58 34 39<\/span>\n                            <\/h6>\n                        <\/div>\n                    <\/div>\n                <\/div>\n            <\/div>\n            <!--end of row-->\n        <\/div>\n        <!--end of container-->\n    <\/section>\n    <a id=\"jardinaquatique\" class=\"in-page-link\"><\/a>\n    <section class=\"imagebg feature-large-7 switchable space--xs\">\n        <div class=\"background-image-holder\"><img alt=\"Jardin Aquatique\" src=\"https:\/\/natationazur.fr\/nice\/wp-content\/uploads\/2020\/06\/jardin-aquatique-2.jpg\"><\/div>\n        <div class=\"container\">\n            <div class=\"row\">\n                <div class=\"col-sm-7 col-md-5\">\n                    <div class=\"boxed boxed--lg border--round bg--white\">\n                        <div class=\"col-md-10 col-md-offset-1 col-sm-12\">\n                            <h3 class=\"type--uppercase\">jardin aquatique<\/h3>\n                            <p><span style=\"color: #999999;\">Jardin aquatique pour les enfants de 4 \u00e0 6 ans ne sachant pas nager. L\u2019objectif de ces cours est de permettre \u00e0 l\u2019enfant de d\u00e9couvrir le milieu aquatique, de se familiariser avec l\u2019eau, d\u2019\u00eatre \u00e0 l\u2019aise dans l\u2019eau, de s\u2019initier aux premiers d\u00e9placements (ventral et dorsal).<br><br>Les s\u00e9ances sont organis\u00e9es par petits groupes avec un ma\u00eetre-nageur pour permettre \u00e0 chacun d\u2019\u00e9voluer \u00e0 son rythme. La m\u00e9thode p\u00e9dagogique propos\u00e9e par l\u2019association doit permettre \u00e0 chaque enfant de d\u00e9couvrir le plaisir d\u2019\u00eatre dans l\u2019eau et sous l\u2019eau et d\u2019acqu\u00e9rir les premiers apprentissages du savoir nager utilitaire.<br><\/span><\/p>\n                            <h6><span style=\"color: #808080;\"><span style=\"color: #2f3267;\">HORAIRES :<br><\/span><\/span><span style=\"color: #808080;\">Pour la p\u00e9riode du 3 juillet au 27 ao\u00fbt 2023 tous les samedis de 10h \u00e0 11h et de 11h \u00e0 12h.<br><\/span><span style=\"color: #808080;\"><span style=\"color: #2f3267;\">TARIFS :<br><\/span><\/span><span style=\"color: #808080;\">40 \u20ac abonnement juillet ou ao\u00fbt, 1 s\u00e9ance par semaine<br>60 \u20ac abonnement juillet ou ao\u00fbt, 2 s\u00e9ances par semaine<br>15 \u20ac la s\u00e9ance<em><br><\/em><\/span><span style=\"color: #808080;\"><span style=\"color: #2f3267;\">O\u00d9 :<br><\/span><\/span><span style=\"color: #808080;\">Au Parc Phoenix \u00e0 Nice ouest, l'entr\u00e9e est du c\u00f4t\u00e9 du boulevard Ren\u00e9 Cassin, plus pr\u00e9cis\u00e9ment sur l'avenue des Floralies. L'acc\u00e8s est facilit\u00e9 par l'arr\u00eat de tram Parc Phoenix sur la ligne 2 et aussi l'arr\u00eat de bus.<br><\/span><span style=\"color: #808080;\"><span style=\"color: #2f3267;\">INSCRIPTIONS :<br><\/span><\/span><span style=\"color: #808080;\">En ligne \u00e0 partir du 1er juin :<br><\/span><span style=\"color: #3366ff;\"><a style=\"color: #3366ff;\" href=\"https:\/\/natationazur.swim-community.fr\/\">natationazur.swim-community.fr<\/a><\/span><br><span style=\"color: #808080;\">(ensuite appuyer sur le + BLEU en haut \u00e0 droite pour vous inscrire)<br><\/span><span style=\"color: #808080;\">Mail : <span style=\"color: #003366;\"><a style=\"color: #003366;\" href=\"mailto:contact@natationazur.fr\">contact@natationazur.fr<\/a><\/span><br>Tel. : 06 80 58 34 39<\/span>\n                            <\/h6>\n                        <\/div>\n                    <\/div>\n                <\/div>\n            <\/div>\n            <!--end of row-->\n        <\/div>\n        <!--end of container-->\n    <\/section>\n    <a id=\"stagedeperfectionnement\" class=\"in-page-link\"><\/a>\n    <section class=\"imagebg feature-large-7 switchable\">\n        <div class=\"background-image-holder\"><img alt=\"Stage de perfectionnement\" src=\"https:\/\/natationazur.fr\/nice\/wp-content\/uploads\/2020\/06\/Apprentissage-natation.jpg\"><\/div>\n        <div class=\"container\">\n            <div class=\"row\">\n                <div class=\"col-sm-7 col-md-5\">\n                    <div class=\"boxed boxed--lg border--round bg--white\">\n                        <div class=\"col-md-10 col-md-offset-1 col-sm-12\">\n                            <h3 class=\"type--uppercase\"><span style=\"color: #2f3267;\">stage apprentissage et perfectionnement<\/span><\/h3>\n                            <p><span style=\"color: #808080;\">L\u2019apprentissage de la natation pour les 6 \u00e0 12 ans permet aux enfants de s\u2019initier \u00e0 apprendre les techniques de nage et les activit\u00e9s de la natation. <\/span><span style=\"color: #808080;\">L\u2019objectif de l\u2019op\u00e9ration est de permettre aux enfants d\u2019acqu\u00e9rir les comp\u00e9tences n\u00e9cessaires pour \u00e9voluer dans l\u2019eau en toute s\u00e9curit\u00e9. Celles-ci se traduisent par l\u2019obtention du test \u00abSauv\u2019nage\u00bb de l\u2019Ecole de Natation Fran\u00e7aise. Les titulaires de ce dipl\u00f4mes peuvent pratiquer les activit\u00e9s aquatiques mais \u00e9galement nautiques en toute s\u00e9curit\u00e9.<\/span><\/p>\n                            <p><span style=\"color: #999999;\">Les cours de natation perfectionnement pour adultes et enfants sont accessibles quel que soit le niveau de d\u00e9part. <\/span><span style=\"color: #999999;\">Les cours de natation perfectionnement visent le d\u00e9veloppement des comp\u00e9tences aquatiques par l'apprentissage et le perfectionnement technique des trois nages de r\u00e9f\u00e9rence : le crawl, la brasse, le dos crawl\u00e9. Par diff\u00e9rents exercices adapt\u00e9s mais aussi gr\u00e2ce \u00e0 l'utilisation de mat\u00e9riel (planches, palmes, pull boy...), l\u2019accent est mis sur la d\u00e9couverte des principes li\u00e9s \u00e0 la motricit\u00e9 aquatique, que chacun s\u2019approprie \u00e0 son rythme.<\/span><\/p>\n                            <h6><span style=\"color: #808080;\"><span style=\"color: #2f3267;\">HORAIRES : <br><\/span><\/span><span style=\"color: #808080;\">Du lundi au vendredi : 16h45 - 17h30, 17h30 - 18h15 et 18h15 - 19h<br><\/span><span style=\"color: #808080;\"><span style=\"color: #2f3267;\">TARIFS :<br><\/span><\/span><span style=\"color: #808080;\">50 \u20ac pour 5 s\u00e9ances \/ semaine <br>60 \u20ac pour 6 s\u00e9ances \/ semaine<br>Si ajouts de semaines suppl\u00e9mentaires :<br>35 \u20ac pour 5 s\u00e9ances \/ semaine<br>40 \u20ac pour 6 s\u00e9ances \/ semaine<br>Cours non compris dans stages (5 \u00e0 6 cours) 15 \u20ac par cours.<br><\/span><span style=\"color: #808080;\"><span style=\"color: #2f3267;\">O\u00d9 : <br><\/span><\/span><span style=\"color: #808080;\">Au Parc Phoenix \u00e0 Nice ouest, l'entr\u00e9e est du c\u00f4t\u00e9 du boulevard Ren\u00e9 Cassin, plus pr\u00e9cis\u00e9ment sur l'avenue des Floralies. L'acc\u00e8s est facilit\u00e9 par l'arr\u00eat de tram Parc Phoenix sur la ligne 2 et aussi l'arr\u00eat de bus.<br><\/span><span style=\"color: #808080;\"><span style=\"color: #2f3267;\">INSCRIPTIONS :<br><\/span><\/span><span style=\"color: #808080;\">En ligne \u00e0 partir du 1er juin :<br><\/span><span style=\"color: #3366ff;\"><a style=\"color: #3366ff;\" href=\"https:\/\/natationazur.swim-community.fr\/\">natationazur.swim-community.fr<\/a><\/span><br><span style=\"color: #808080;\">(ensuite appuyer sur le + BLEU en haut \u00e0 droite pour vous inscrire)<br><\/span><span style=\"color: #808080;\">Mail : <span style=\"color: #003366;\"><a style=\"color: #003366;\" href=\"mailto:contact@natationazur.fr\">contact@natationazur.fr<\/a><\/span><br>Tel. : 06 80 58 34 39<\/span>\n                            <\/h6>\n                        <\/div>\n                    <\/div>\n                <\/div>\n            <\/div>\n            <!--end of row-->\n        <\/div>\n        <!--end of container-->\n    <\/section>\n    <a id=\"aquagymseniors\" class=\"in-page-link\"><\/a>\n    <section class=\"imagebg feature-large-7 switchable space--xs\">\n        <div class=\"background-image-holder\"><img alt=\"Aquagym s\u00e9niors\" src=\"https:\/\/natationazur.fr\/nice\/wp-content\/uploads\/2020\/06\/aquagym-seniors-1.jpg\"><\/div>\n        <div class=\"container\">\n            <div class=\"row\">\n                <div class=\"col-sm-7 col-md-5\">\n                    <div class=\"boxed boxed--lg border--round bg--white\">\n                        <div class=\"col-md-10 col-md-offset-1 col-sm-12\">\n                            <h3 class=\"type--uppercase\">aquagym s\u00e9niors<\/h3>\n                            <p><span style=\"color: #808080;\">L\u2019aquagym est accessible \u00e0 tous.<\/span><\/p>\n                            <p><span style=\"color: #808080;\">Les mouvements dans l\u2019eau ne sont pas les m\u00eames qu\u2019au sol, ils tiennent compte de la r\u00e9sistance de l\u2019eau et sont d\u2019autant plus efficaces.<\/span><\/p>\n                            <p><span style=\"color: #808080;\">Le ma\u00eetre-nageur adapte ses s\u00e9ances au niveau du groupe. Il propose des mouvements d\u2019intensit\u00e9 douce ou moyenne avec grande p\u00e9riode de r\u00e9cup\u00e9ration (parfait si on d\u00e9bute) ou des encha\u00eenements plus toniques, avec dans certains cas, utilisation d\u2019accessoires ou de mat\u00e9riel qui accroissent l\u2019efficacit\u00e9 des exercices.<\/span><\/p>\n                            <h6><span style=\"color: #808080;\">Les s\u00e9ances se d\u00e9rouleront du 3 juillet au 25 ao\u00fbt 2023.<br><br><\/span><span style=\"color: #808080;\">Activit\u00e9 r\u00e9serv\u00e9 aux d\u00e9tenteurs de la carte M\u00e9tropole Nice C\u00f4te d'Azur S\u00e9niors Plus.<\/span><br><\/h6>\n                            <h6><span style=\"color: #808080;\"><span style=\"color: #2f3267;\">HORAIRES SOUHAIT\u00c9S :<br><\/span><\/span><span style=\"color: #808080;\">8h - 9h<\/span><span style=\"color: #808080;\">, 9h - 10h<br><\/span><span style=\"color: #808080;\"><span style=\"color: #2f3267;\">JOURS SOUHAIT\u00c9S :<br><\/span><\/span><span style=\"color: #808080;\">Lundi et jeudi, mardi et vendredi ou mercredi et samedi<br><\/span><span style=\"color: #808080;\"><span style=\"color: #2f3267;\">SEMAINES SOUHAIT\u00c9S :<br><\/span><\/span><span style=\"color: #808080;\">Du 3 au 8 juillet, 10 au 15 juillet, 17 au 22 juillet, 24 au 29 juillet, 31 juillet au 5 ao\u00fbt, 7 au 12 ao\u00fbt, 14 au 19 ao\u00fbt et du 21 au 26 ao\u00fbt<br><\/span><span style=\"color: #808080;\"><span style=\"color: #2f3267;\">TARIF :<br><\/span><\/span><span style=\"color: #808080;\">Les s\u00e9ances sont gratuites.<br><\/span><span style=\"color: #808080;\"><span style=\"color: #2f3267;\">O\u00d9 : <br><\/span><\/span><span style=\"color: #808080;\">Au Parc Phoenix \u00e0 Nice ouest, l'entr\u00e9e est du c\u00f4t\u00e9 du boulevard Ren\u00e9 Cassin, plus pr\u00e9cis\u00e9ment sur l'avenue des Floralies. L'acc\u00e8s est facilit\u00e9 par l'arr\u00eat de tram Parc Phoenix sur la ligne 2 et aussi l'arr\u00eat de bus.<br><\/span><span style=\"color: #808080;\"><span style=\"color: #2f3267;\">INSCRIPTIONS :<br><\/span><\/span><span style=\"color: #808080;\">En ligne sur le Portail Seniors du 19 juin (8h) au 23 juin (20h).<br><\/span><span style=\"color: #808080;\">Par t\u00e9l\u00e9phone au 04 97 13 45 57 du 26 au 29 juin (9h-12h \/ 14h-16h).<br><br><\/span><em><span style=\"color: #808080;\">Chaque participant a la possibilit\u00e9 de participer \u00e0 deux s\u00e9ances par semaine.<br><\/span><span style=\"color: #808080;\">Le nombre de personnes pouvant \u00eatre accueilli dans le cadre cette activit\u00e9 est limit\u00e9.<br><\/span><span style=\"color: #808080;\">Les inscriptions seront trait\u00e9es par ordre d\u2019arriv\u00e9e.<br><\/span><\/em><\/h6>\n                        <\/div>\n                    <\/div>\n                <\/div>\n            <\/div>\n            <!--end of row-->\n        <\/div>\n        <!--end of container-->\n    <\/section>\n    <a id=\"aquafitness\" class=\"in-page-link\"><\/a>\n    <section class=\"imagebg feature-large-7 switchable\">\n        <div class=\"background-image-holder\"><img alt=\"Aqua Fitness\" src=\"https:\/\/natationazur.fr\/nice\/wp-content\/uploads\/2020\/06\/aquafitness-1.jpg\"><\/div>\n        <div class=\"container\">\n            <div class=\"row\">\n                <div class=\"col-sm-7 col-md-5\">\n                    <div class=\"boxed boxed--lg border--round bg--white\">\n                        <div class=\"col-md-10 col-md-offset-1 col-sm-12\">\n                            <h3 class=\"type--uppercase\">aquafitness<\/h3>\n                            <p><span style=\"color: #999999;\">L\u2019aquafitness est accessible \u00e0 tous.<\/span><\/p>\n                            <p><span style=\"color: #999999;\">Cette activit\u00e9 s\u2019adresse aux personnes qui ont envie de se d\u00e9passer dans l\u2019eau, elle est plus tonique et \u00e9prouvante que l\u2019aquagym. Tous les muscles sont sollicit\u00e9s sur un rythme soutenu qui monte crescendo tout au long du cours.<\/span><\/p>\n                            <p><span style=\"color: #999999;\">Plusieurs exercices musculaires sont r\u00e9alis\u00e9s tels que : sauts, jogging, ciseaux, coups de pied\u2026<\/span><br><span style=\"color: #999999;\">L\u2019objectif ? Travailler les abdominaux, les fessiers, le dos, les cuisses, les triceps\u2026<\/span><\/p>\n                            <p><span style=\"color: #999999;\">Tr\u00e8s dynamique, l\u2019aquafitness pr\u00e9sente de nombreux bienfaits pour le corps. C\u2019est un aquasport tr\u00e8s complet.<\/span><\/p>\n                            <h6><span style=\"color: #808080;\">Pour la p\u00e9riode du 3 juillet au 27 ao\u00fbt 2023.<\/span><\/h6>\n                            <h6><span style=\"color: #808080;\"><span style=\"color: #2f3267;\">HORAIRES :<br><\/span><\/span><span style=\"color: #808080;\">De lundi au samedi de 12h30 \u00e0 13h30.<br><\/span><span style=\"color: #808080;\"><span style=\"color: #2f3267;\">TARIFS :<br><\/span><\/span><span style=\"color: #808080;\">60 \u20ac abonnement, 3 s\u00e9ances \/ semaine pour 1 mois et 50 \u20ac pour le deuxi\u00e8me mois<br>40 \u20ac abonnement, 2 s\u00e9ances \/ semaine pour 1 mois et 30 \u20ac pour le deuxi\u00e8me mois<br>10 \u20ac la s\u00e9ance<br><\/span><span style=\"color: #808080;\"><span style=\"color: #2f3267;\">O\u00d9 :<br><\/span><\/span><span style=\"color: #808080;\">Au Parc Phoenix \u00e0 Nice ouest, l'entr\u00e9e est du c\u00f4t\u00e9 du boulevard Ren\u00e9 Cassin, plus pr\u00e9cis\u00e9ment sur l'avenue des Floralies. L'acc\u00e8s est facilit\u00e9 par l'arr\u00eat de tram Parc Phoenix sur la ligne 2 et aussi l'arr\u00eat de bus.<br><\/span><span style=\"color: #808080;\"><span style=\"color: #2f3267;\">INSCRIPTIONS :<br><\/span><\/span><span style=\"color: #808080;\">En ligne \u00e0 partir du 1er juin :<br><\/span><span style=\"color: #3366ff;\"><a style=\"color: #3366ff;\" href=\"https:\/\/natationazur.swim-community.fr\/\">natationazur.swim-community.fr<\/a><\/span><br><span style=\"color: #808080;\">(ensuite appuyer sur le + BLEU en haut \u00e0 droite pour vous inscrire)<br><\/span><span style=\"color: #808080;\">Mail : <span style=\"color: #003366;\"><a style=\"color: #003366;\" href=\"mailto:contact@natationazur.fr\">contact@natationazur.fr<\/a><\/span><br>Tel. : 06 80 58 34 39<\/span>\n                            <\/h6>\n                        <\/div>\n                    <\/div>\n                <\/div>\n            <\/div>\n            <!--end of row-->\n        <\/div>\n        <!--end of container-->\n    <\/section>\n    <a id=\"aquaanniversaire\" class=\"in-page-link\"><\/a>\n    <section class=\"imagebg feature-large-7 switchable space--xs\">\n        <div class=\"background-image-holder\"><img alt=\"Aqua Anniversaires\" src=\"https:\/\/natationazur.fr\/nice\/wp-content\/uploads\/2020\/06\/aqua-anniversaire.jpg\"><\/div>\n        <div class=\"container\">\n            <div class=\"row\">\n                <div class=\"col-sm-7 col-md-5\">\n                    <div class=\"boxed boxed--lg border--round bg--white\">\n                        <div class=\"col-md-10 col-md-offset-1 col-sm-12\">\n                            <h3 class=\"type--uppercase\">aqua anniversaire<\/h3>\n                            <p><span style=\"color: #999999;\">Jouez la carte de <b>l'originalit\u00e9<\/b> pour l'<b>anniversaire de votre enfant<\/b>. Osez l'Aqua Anniversaire. Toute la tribu de copains se donne rendez-vous \u00e0 la piscine sur la Promenade du Paillon pour une journ\u00e9e magique.<\/span><\/p>\n                            <p><span style=\"color: #999999;\">Pendant toute l'apr\u00e8s midi, sous la surveillance d'un <b>ma\u00eetre nageur sauveteur<\/b>, ils profitent de l'espace piscine, sp\u00e9cialement <b>privatis\u00e9 pour l'occasion<\/b>. <b>Des jeux seront organis\u00e9s<\/b>.<\/span><\/p>\n                            <p><span style=\"color: #999999;\">On sait comment \u00e7a se passe : \u00e7a s'arrose, \u00e7a se chamaille, \u00e7a fait des bombes, et puis vient l'heure du petit creux.<\/span><\/p>\n                            <p><span style=\"color: #999999;\">\u00c7a tombe bien, un <b>espace sur la pelouse est mis \u00e0 disposition pour le go\u00fbter<\/b> et pour souffler les bougies et faire le plein d'\u00e9nergie ! (Go\u00fbter et boissons non fournis)<\/span><\/p>\n                            <h6><span style=\"color: #808080;\">Pour la p\u00e9riode du 3 juillet au 27 ao\u00fbt 2023.<\/span><\/h6>\n                            <h6><span style=\"color: #808080;\"><span style=\"color: #2f3267;\">HORAIRES :<br><\/span><\/span><span style=\"color: #808080;\">Samedi de 14h \u00e0 17h.<\/span><span style=\"color: #808080;\"><br><\/span><span style=\"color: #808080;\"><span style=\"color: #2f3267;\">TARIF :<br><\/span><\/span><span style=\"color: #808080;\">Forfait 50 \u20ac l'apr\u00e8s midi pour 20 enfants maximum - 2 accompagnants obligatoire.<br><\/span><span style=\"color: #808080;\"><span style=\"color: #2f3267;\">O\u00d9 :<br><\/span><\/span><span style=\"color: #808080;\">Au Parc Phoenix \u00e0 Nice ouest, l'entr\u00e9e est du c\u00f4t\u00e9 du boulevard Ren\u00e9 Cassin, plus pr\u00e9cis\u00e9ment sur l'avenue des Floralies. L'acc\u00e8s est facilit\u00e9 par l'arr\u00eat de tram Parc Phoenix sur la ligne 2 et aussi l'arr\u00eat de bus.<\/span><\/h6>\n                            <h6><span style=\"color: #808080;\"><em>R\u00e9servation sur le site internet ou par t\u00e9l\u00e9phone \u00e0<\/em><\/span><span style=\"color: #808080;\"><em> partir du 20 juin.<\/em><\/span><\/h6>\n                        <\/div>\n                    <\/div>\n                <\/div>\n            <\/div>\n            <!--end of row-->\n        <\/div>\n        <!--end of container-->\n    <\/section>\n    <a id=\"aisanceaquatique\" class=\"in-page-link\"><\/a>\n    <section class=\"imagebg feature-large-7 switchable space--xs\">\n        <div class=\"background-image-holder\"><img alt=\"Aisance aquatique\" src=\"https:\/\/natationazur.fr\/nice\/wp-content\/uploads\/2023\/06\/Aisance-aquatique.jpeg\"><\/div>\n        <div class=\"container\">\n            <div class=\"row\">\n                <div class=\"col-sm-7 col-md-5\">\n                    <div class=\"boxed boxed--lg border--round bg--white\">\n                        <div class=\"col-md-10 col-md-offset-1 col-sm-12\">\n                            <h3 class=\"type--uppercase\">aisance aquatique<\/h3>\n                            <p><span style=\"color: #999999;\">L'aisance aquatique s'adresse aux enfants de 6 \u00e0 12 ans non nageurs.<br><br>Elle est \u00e0 distinguer de l\u2019apprentissage des nages codifi\u00e9es. Elle ouvre la possibilit\u00e9 de poursuivre vers des activit\u00e9s aquatiques de loisirs, sportives ou sant\u00e9.<\/span><\/p>\n                            <p><span style=\"color: #999999;\">L\u2019aisance aquatique se construit dans un bassin o\u00f9 le pratiquant n\u2019a pas pied et sans mat\u00e9riel d\u2019aide \u00e0 la flottaison. Elle vise une exp\u00e9rience positive de l\u2019eau et une adaptation au milieu aquatique: l\u2019entr\u00e9e et la sortie de l\u2019eau, l\u2019immersion, la d\u00e9couverte de la flottaison, la capacit\u00e9 \u00e0 modifier la forme de son corps dans l\u2019eau, \u00e0 s\u2019y orienter ainsi qu\u2019\u00e0 pouvoir s\u2019y d\u00e9placer 10 m\u00e8tres pour rejoindre le bord du bassin sont autant d\u2019\u00e9tapes de sa construction.<\/span><\/p>\n                            <h6><span style=\"color: #808080;\">Pour la p\u00e9riode du 3 juillet au 27 ao\u00fbt 2023.<\/span><\/h6>\n                            <h6><span style=\"color: #808080;\"><span style=\"color: #2f3267;\">HORAIRES :<br><\/span><\/span><span style=\"color: #808080;\">De lundi au vendredi de 16h \u00e0 16h45.<br><\/span><span style=\"color: #808080;\"><span style=\"color: #2f3267;\">TARIFS :<br><\/span><\/span><span style=\"color: #808080;\">2 semaines gratuites<\/span><span style=\"color: #808080;\"><br><\/span><span style=\"color: #808080;\"><span style=\"color: #2f3267;\">O\u00d9 :<br><\/span><\/span><span style=\"color: #808080;\">Au Parc Phoenix \u00e0 Nice ouest, l'entr\u00e9e est du c\u00f4t\u00e9 du boulevard Ren\u00e9 Cassin, plus pr\u00e9cis\u00e9ment sur l'avenue des Floralies. L'acc\u00e8s est facilit\u00e9 par l'arr\u00eat de tram Parc Phoenix sur la ligne 2 et aussi l'arr\u00eat de bus.<br><\/span><span style=\"color: #808080;\"><span style=\"color: #2f3267;\">INSCRIPTIONS :<br><\/span><\/span><span style=\"color: #808080;\">En ligne \u00e0 partir du 1er juin :<br><\/span><span style=\"color: #3366ff;\"><a style=\"color: #3366ff;\" href=\"https:\/\/natationazur.swim-community.fr\/\">natationazur.swim-community.fr<\/a><\/span><br><span style=\"color: #808080;\">(ensuite appuyer sur le + BLEU en haut \u00e0 droite pour vous inscrire)<br><\/span><span style=\"color: #808080;\">Mail : <span style=\"color: #003366;\"><a style=\"color: #003366;\" href=\"mailto:contact@natationazur.fr\">contact@natationazur.fr<\/a><\/span><br>Tel. : 06 80 58 34 39<\/span>\n                            <\/h6>\n                            <h6>&nbsp;<\/h6>\n                        <\/div>\n                    <\/div>\n                <\/div>\n            <\/div>\n            <!--end of row-->\n        <\/div>\n        <!--end of container-->\n    <\/section>\n","protected":false},"excerpt":{"rendered":"<p>B\u00c9B\u00c9S NAGEURS B\u00e9b\u00e9s nageurs \u00e0 Nice : un \u00e9veil aquatique en douceur, d\u00e8s 4 mois, b\u00e9b\u00e9 d\u00e9couvre les bienfaits de l&rsquo;eau en&#8230;<\/p>\n","protected":false},"author":1,"featured_media":0,"parent":0,"menu_order":1,"comment_status":"closed","ping_status":"closed","template":"","meta":{"footnotes":""},"aioseo_notices":[],"_links":{"self":[{"href":"https:\/\/natationazur.fr\/nice\/wp-json\/wp\/v2\/pages\/2757"}],"collection":[{"href":"https:\/\/natationazur.fr\/nice\/wp-json\/wp\/v2\/pages"}],"about":[{"href":"https:\/\/natationazur.fr\/nice\/wp-json\/wp\/v2\/types\/page"}],"author":[{"embeddable":true,"href":"https:\/\/natationazur.fr\/nice\/wp-json\/wp\/v2\/users\/1"}],"replies":[{"embeddable":true,"href":"https:\/\/natationazur.fr\/nice\/wp-json\/wp\/v2\/comments?post=2757"}],"version-history":[{"count":161,"href":"https:\/\/natationazur.fr\/nice\/wp-json\/wp\/v2\/pages\/2757\/revisions"}],"predecessor-version":[{"id":3489,"href":"https:\/\/natationazur.fr\/nice\/wp-json\/wp\/v2\/pages\/2757\/revisions\/3489"}],"wp:attachment":[{"href":"https:\/\/natationazur.fr\/nice\/wp-json\/wp\/v2\/media?parent=2757"}],"curies":[{"name":"wp","href":"https:\/\/api.w.org\/{rel}","templated":true}]}}